{"id":541,"date":"2022-02-03T12:23:02","date_gmt":"2022-02-03T09:23:02","guid":{"rendered":"https:\/\/wellbeingtr.com\/prof-dr-ozge-celik\/"},"modified":"2022-07-13T16:42:34","modified_gmt":"2022-07-13T13:42:34","slug":"prof-dr-ozge-celik","status":"publish","type":"page","link":"https:\/\/wellbeingtr.com\/en\/prof-dr-ozge-celik\/","title":{"rendered":"Prof.Dr. \u00d6zge \u00c7elik"},"content":{"rendered":"","protected":false},"excerpt":{"rendered":"","protected":false},"author":1,"featured_media":0,"parent":0,"menu_order":0,"comment_status":"closed","ping_status":"closed","template":"","meta":{"_monsterinsights_skip_tracking":false,"_monsterinsights_sitenote_active":false,"_monsterinsights_sitenote_note":"","_monsterinsights_sitenote_category":0,"footnotes":""},"class_list":["post-541","page","type-page","status-publish","hentry"],"yoast_head":"<!-- This site is optimized with the Yoast SEO plugin v27.3 - https:\/\/yoast.com\/product\/yoast-seo-wordpress\/ -->\n<title>Prof.Dr. \u00d6zge \u00c7elik - Molek\u00fcler Wellbeing<\/title>\n<meta name=\"robots\" content=\"index, follow, max-snippet:-1, max-image-preview:large, max-video-preview:-1\" \/>\n<link rel=\"canonical\" href=\"https:\/\/wellbeingtr.com\/en\/prof-dr-ozge-celik\/\" \/>\n<meta property=\"og:locale\" content=\"en_US\" \/>\n<meta property=\"og:type\" content=\"article\" \/>\n<meta property=\"og:title\" content=\"Prof.Dr. \u00d6zge \u00c7elik - Molek\u00fcler Wellbeing\" \/>\n<meta property=\"og:url\" content=\"https:\/\/wellbeingtr.com\/en\/prof-dr-ozge-celik\/\" \/>\n<meta property=\"og:site_name\" content=\"Molek\u00fcler Wellbeing\" \/>\n<meta property=\"article:modified_time\" content=\"2022-07-13T13:42:34+00:00\" \/>\n<meta name=\"twitter:card\" content=\"summary_large_image\" \/>\n<script type=\"application\/ld+json\" class=\"yoast-schema-graph\">{\"@context\":\"https:\\\/\\\/schema.org\",\"@graph\":[{\"@type\":\"WebPage\",\"@id\":\"https:\\\/\\\/wellbeingtr.com\\\/en\\\/prof-dr-ozge-celik\\\/\",\"url\":\"https:\\\/\\\/wellbeingtr.com\\\/en\\\/prof-dr-ozge-celik\\\/\",\"name\":\"Prof.Dr. \u00d6zge \u00c7elik - Molek\u00fcler Wellbeing\",\"isPartOf\":{\"@id\":\"https:\\\/\\\/wellbeingtr.com\\\/en\\\/#website\"},\"datePublished\":\"2022-02-03T09:23:02+00:00\",\"dateModified\":\"2022-07-13T13:42:34+00:00\",\"breadcrumb\":{\"@id\":\"https:\\\/\\\/wellbeingtr.com\\\/en\\\/prof-dr-ozge-celik\\\/#breadcrumb\"},\"inLanguage\":\"en-US\",\"potentialAction\":[{\"@type\":\"ReadAction\",\"target\":[\"https:\\\/\\\/wellbeingtr.com\\\/en\\\/prof-dr-ozge-celik\\\/\"]}]},{\"@type\":\"BreadcrumbList\",\"@id\":\"https:\\\/\\\/wellbeingtr.com\\\/en\\\/prof-dr-ozge-celik\\\/#breadcrumb\",\"itemListElement\":[{\"@type\":\"ListItem\",\"position\":1,\"name\":\"Anasayfa\",\"item\":\"https:\\\/\\\/wellbeingtr.com\\\/en\\\/\"},{\"@type\":\"ListItem\",\"position\":2,\"name\":\"Prof.Dr. \u00d6zge \u00c7elik\"}]},{\"@type\":\"WebSite\",\"@id\":\"https:\\\/\\\/wellbeingtr.com\\\/en\\\/#website\",\"url\":\"https:\\\/\\\/wellbeingtr.com\\\/en\\\/\",\"name\":\"Molek\u00fcler Wellbeing\",\"description\":\"Herkes e\u015fsizdir, kendinize \u00f6yle davran\u0131n.\",\"publisher\":{\"@id\":\"https:\\\/\\\/wellbeingtr.com\\\/en\\\/#organization\"},\"potentialAction\":[{\"@type\":\"SearchAction\",\"target\":{\"@type\":\"EntryPoint\",\"urlTemplate\":\"https:\\\/\\\/wellbeingtr.com\\\/en\\\/?s={search_term_string}\"},\"query-input\":{\"@type\":\"PropertyValueSpecification\",\"valueRequired\":true,\"valueName\":\"search_term_string\"}}],\"inLanguage\":\"en-US\"},{\"@type\":\"Organization\",\"@id\":\"https:\\\/\\\/wellbeingtr.com\\\/en\\\/#organization\",\"name\":\"Molek\u00fcler Wellbeing\",\"url\":\"https:\\\/\\\/wellbeingtr.com\\\/en\\\/\",\"logo\":{\"@type\":\"ImageObject\",\"inLanguage\":\"en-US\",\"@id\":\"https:\\\/\\\/wellbeingtr.com\\\/en\\\/#\\\/schema\\\/logo\\\/image\\\/\",\"url\":\"https:\\\/\\\/wellbeingtr.com\\\/wp-content\\\/uploads\\\/2022\\\/02\\\/logo_2.png\",\"contentUrl\":\"https:\\\/\\\/wellbeingtr.com\\\/wp-content\\\/uploads\\\/2022\\\/02\\\/logo_2.png\",\"width\":151,\"height\":133,\"caption\":\"Molek\u00fcler Wellbeing\"},\"image\":{\"@id\":\"https:\\\/\\\/wellbeingtr.com\\\/en\\\/#\\\/schema\\\/logo\\\/image\\\/\"}}]}<\/script>\n<!-- \/ Yoast SEO plugin. -->","yoast_head_json":{"title":"Prof.Dr. \u00d6zge \u00c7elik - Molek\u00fcler Wellbeing","robots":{"index":"index","follow":"follow","max-snippet":"max-snippet:-1","max-image-preview":"max-image-preview:large","max-video-preview":"max-video-preview:-1"},"canonical":"https:\/\/wellbeingtr.com\/en\/prof-dr-ozge-celik\/","og_locale":"en_US","og_type":"article","og_title":"Prof.Dr. \u00d6zge \u00c7elik - Molek\u00fcler Wellbeing","og_url":"https:\/\/wellbeingtr.com\/en\/prof-dr-ozge-celik\/","og_site_name":"Molek\u00fcler Wellbeing","article_modified_time":"2022-07-13T13:42:34+00:00","twitter_card":"summary_large_image","schema":{"@context":"https:\/\/schema.org","@graph":[{"@type":"WebPage","@id":"https:\/\/wellbeingtr.com\/en\/prof-dr-ozge-celik\/","url":"https:\/\/wellbeingtr.com\/en\/prof-dr-ozge-celik\/","name":"Prof.Dr. \u00d6zge \u00c7elik - Molek\u00fcler Wellbeing","isPartOf":{"@id":"https:\/\/wellbeingtr.com\/en\/#website"},"datePublished":"2022-02-03T09:23:02+00:00","dateModified":"2022-07-13T13:42:34+00:00","breadcrumb":{"@id":"https:\/\/wellbeingtr.com\/en\/prof-dr-ozge-celik\/#breadcrumb"},"inLanguage":"en-US","potentialAction":[{"@type":"ReadAction","target":["https:\/\/wellbeingtr.com\/en\/prof-dr-ozge-celik\/"]}]},{"@type":"BreadcrumbList","@id":"https:\/\/wellbeingtr.com\/en\/prof-dr-ozge-celik\/#breadcrumb","itemListElement":[{"@type":"ListItem","position":1,"name":"Anasayfa","item":"https:\/\/wellbeingtr.com\/en\/"},{"@type":"ListItem","position":2,"name":"Prof.Dr. \u00d6zge \u00c7elik"}]},{"@type":"WebSite","@id":"https:\/\/wellbeingtr.com\/en\/#website","url":"https:\/\/wellbeingtr.com\/en\/","name":"Molek\u00fcler Wellbeing","description":"Herkes e\u015fsizdir, kendinize \u00f6yle davran\u0131n.","publisher":{"@id":"https:\/\/wellbeingtr.com\/en\/#organization"},"potentialAction":[{"@type":"SearchAction","target":{"@type":"EntryPoint","urlTemplate":"https:\/\/wellbeingtr.com\/en\/?s={search_term_string}"},"query-input":{"@type":"PropertyValueSpecification","valueRequired":true,"valueName":"search_term_string"}}],"inLanguage":"en-US"},{"@type":"Organization","@id":"https:\/\/wellbeingtr.com\/en\/#organization","name":"Molek\u00fcler Wellbeing","url":"https:\/\/wellbeingtr.com\/en\/","logo":{"@type":"ImageObject","inLanguage":"en-US","@id":"https:\/\/wellbeingtr.com\/en\/#\/schema\/logo\/image\/","url":"https:\/\/wellbeingtr.com\/wp-content\/uploads\/2022\/02\/logo_2.png","contentUrl":"https:\/\/wellbeingtr.com\/wp-content\/uploads\/2022\/02\/logo_2.png","width":151,"height":133,"caption":"Molek\u00fcler Wellbeing"},"image":{"@id":"https:\/\/wellbeingtr.com\/en\/#\/schema\/logo\/image\/"}}]}},"_links":{"self":[{"href":"https:\/\/wellbeingtr.com\/en\/wp-json\/wp\/v2\/pages\/541","targetHints":{"allow":["GET"]}}],"collection":[{"href":"https:\/\/wellbeingtr.com\/en\/wp-json\/wp\/v2\/pages"}],"about":[{"href":"https:\/\/wellbeingtr.com\/en\/wp-json\/wp\/v2\/types\/page"}],"author":[{"embeddable":true,"href":"https:\/\/wellbeingtr.com\/en\/wp-json\/wp\/v2\/users\/1"}],"replies":[{"embeddable":true,"href":"https:\/\/wellbeingtr.com\/en\/wp-json\/wp\/v2\/comments?post=541"}],"version-history":[{"count":1,"href":"https:\/\/wellbeingtr.com\/en\/wp-json\/wp\/v2\/pages\/541\/revisions"}],"predecessor-version":[{"id":542,"href":"https:\/\/wellbeingtr.com\/en\/wp-json\/wp\/v2\/pages\/541\/revisions\/542"}],"wp:attachment":[{"href":"https:\/\/wellbeingtr.com\/en\/wp-json\/wp\/v2\/media?parent=541"}],"curies":[{"name":"wp","href":"https:\/\/api.w.org\/{rel}","templated":true}]}}